{"id":108,"date":"2019-03-09T23:25:59","date_gmt":"2019-03-09T23:25:59","guid":{"rendered":"http:\/\/wp.seeforyourself.at\/?page_id=108"},"modified":"2021-02-20T18:17:12","modified_gmt":"2021-02-20T16:17:12","slug":"expertise-diskretion-vertrauen","status":"publish","type":"page","link":"https:\/\/www.seeforyourself.at\/","title":{"rendered":"SeeForYourself &#8211; Georg Breiner"},"content":{"rendered":"<h1 style=\"text-align: left;\"><span style=\"font-family: 'times new roman', times, serif; font-size: 24pt;\">Expertise + Diskretion = Vertrauen<\/span><\/h1>\n<p>Als ich meine KlientInnen und Sch\u00fclerInnen fragte, was ich denn auf meine Webseite schreiben sollte, meinten sie:<\/p>\n<p>Als <strong>Board-Coach, Teamentwickler<\/strong> oder <strong>Unternehmerberater<\/strong> begibst du dich auf die Suche nach Wesentlichem, das \u00fcbersehen wurde. Du sch\u00fcrfst nach den Zusammenh\u00e4ngen und deckst Muster weit hinter dem Offensichtlichen auf. Durch beharrliches Fragen, mutiges Handeln und konsequentes Hinzuf\u00fcgen dessen, was fehlt, erm\u00f6glichst du nachhaltige L\u00f6sungen.<\/p>\n<p>Als <strong>Gastgeber systemischer Aufstellungen<\/strong> h\u00e4ltst du den Rahmen f\u00fcr einen achtsamen und wertsch\u00e4tzenden Prozess. Deine bemerkenswerte Ruhe und Pr\u00e4senz verbindet sich mit gro\u00dfer Erfahrung und reicher Intuition. Du gestaltest einen M\u00f6glichkeitsraum, in dem die L\u00f6sung lautlos entsteht.<\/p>\n<p>Als <strong>Buchautor, Universit\u00e4tslektor<\/strong> und <strong>Radiomoderator<\/strong> verbindest du nicht nur Wissensvermittlung mit Leichtf\u00fc\u00dfigkeit sondern auch neues Lernen mit Neues lernen \u2013 und all das auf h\u00f6chst unterhaltsame Weise.<\/p>\n<p>Als <strong>Ausbilder f\u00fcr Menschen in beratenden Berufen<\/strong> begleitest du Suchende in ihre individuelle Kompetenz. Du hilfst gern \u00fcber die Schwelle &#8211; erfahren und mit viel Einf\u00fchlungsverm\u00f6gen, dennoch fordernd, immer jedoch wertsch\u00e4tzend und inspirierend.<\/p>\n","protected":false},"excerpt":{"rendered":"<p>Expertise + Diskretion = Vertrauen Als ich meine KlientInnen und Sch\u00fclerInnen fragte, was ich denn auf meine Webseite schreiben sollte, meinten sie: Als Board-Coach, Teamentwickler oder Unternehmerberater begibst du dich auf die Suche nach Wesentlichem, das \u00fcbersehen wurde. Du sch\u00fcrfst nach den Zusammenh\u00e4ngen und deckst Muster weit hinter dem Offensichtlichen auf. Durch beharrliches Fragen, mutiges &hellip; <\/p>\n<p class=\"link-more\"><a href=\"https:\/\/www.seeforyourself.at\/\" class=\"more-link\"><span class=\"screen-reader-text\">\u201eSeeForYourself &#8211; Georg Breiner\u201c<\/span> weiterlesen<\/a><\/p>\n","protected":false},"author":1,"featured_media":0,"parent":0,"menu_order":0,"comment_status":"closed","ping_status":"closed","template":"","meta":{"ngg_post_thumbnail":0},"yoast_head":"<!-- This site is optimized with the Yoast SEO plugin v15.8 - https:\/\/yoast.com\/wordpress\/plugins\/seo\/ -->\n<title>SeeForYourself - Georg Breiner - Georg Breiner<\/title>\n<meta name=\"robots\" content=\"index, follow, max-snippet:-1, max-image-preview:large, max-video-preview:-1\" \/>\n<link rel=\"canonical\" href=\"http:\/\/www.seeforyourself.at\/\" \/>\n<meta property=\"og:locale\" content=\"de_DE\" \/>\n<meta property=\"og:type\" content=\"article\" \/>\n<meta property=\"og:title\" content=\"SeeForYourself - Georg Breiner - Georg Breiner\" \/>\n<meta property=\"og:description\" content=\"Expertise + Diskretion = Vertrauen Als ich meine KlientInnen und Sch\u00fclerInnen fragte, was ich denn auf meine Webseite schreiben sollte, meinten sie: Als Board-Coach, Teamentwickler oder Unternehmerberater begibst du dich auf die Suche nach Wesentlichem, das \u00fcbersehen wurde. Du sch\u00fcrfst nach den Zusammenh\u00e4ngen und deckst Muster weit hinter dem Offensichtlichen auf. Durch beharrliches Fragen, mutiges &hellip; \u201eSeeForYourself &#8211; Georg Breiner\u201c weiterlesen\" \/>\n<meta property=\"og:url\" content=\"http:\/\/www.seeforyourself.at\/\" \/>\n<meta property=\"og:site_name\" content=\"Georg Breiner\" \/>\n<meta property=\"article:modified_time\" content=\"2021-02-20T16:17:12+00:00\" \/>\n<meta name=\"twitter:card\" content=\"summary_large_image\" \/>\n<meta name=\"twitter:label1\" content=\"Gesch\u00e4tzte Lesezeit\">\n\t<meta name=\"twitter:data1\" content=\"1 Minute\">\n<script type=\"application\/ld+json\" class=\"yoast-schema-graph\">{\"@context\":\"https:\/\/schema.org\",\"@graph\":[{\"@type\":\"WebSite\",\"@id\":\"http:\/\/www.seeforyourself.at\/#website\",\"url\":\"http:\/\/www.seeforyourself.at\/\",\"name\":\"Seeforyourself\",\"description\":\"See For Yourself\",\"potentialAction\":[{\"@type\":\"SearchAction\",\"target\":\"http:\/\/www.seeforyourself.at\/?s={search_term_string}\",\"query-input\":\"required name=search_term_string\"}],\"inLanguage\":\"de-DE\"},{\"@type\":\"WebPage\",\"@id\":\"http:\/\/www.seeforyourself.at\/#webpage\",\"url\":\"http:\/\/www.seeforyourself.at\/\",\"name\":\"SeeForYourself - Georg Breiner - Georg Breiner\",\"isPartOf\":{\"@id\":\"http:\/\/www.seeforyourself.at\/#website\"},\"datePublished\":\"2019-03-09T23:25:59+00:00\",\"dateModified\":\"2021-02-20T16:17:12+00:00\",\"breadcrumb\":{\"@id\":\"http:\/\/www.seeforyourself.at\/#breadcrumb\"},\"inLanguage\":\"de-DE\",\"potentialAction\":[{\"@type\":\"ReadAction\",\"target\":[\"http:\/\/www.seeforyourself.at\/\"]}]},{\"@type\":\"BreadcrumbList\",\"@id\":\"http:\/\/www.seeforyourself.at\/#breadcrumb\",\"itemListElement\":[{\"@type\":\"ListItem\",\"position\":1,\"item\":{\"@type\":\"WebPage\",\"@id\":\"http:\/\/www.seeforyourself.at\/\",\"url\":\"http:\/\/www.seeforyourself.at\/\",\"name\":\"Home\"}},{\"@type\":\"ListItem\",\"position\":2,\"item\":{\"@type\":\"WebPage\",\"@id\":\"http:\/\/www.seeforyourself.at\/\",\"url\":\"http:\/\/www.seeforyourself.at\/\",\"name\":\"SeeForYourself &#8211; Georg Breiner\"}}]}]}<\/script>\n<!-- \/ Yoast SEO plugin. -->","_links":{"self":[{"href":"https:\/\/www.seeforyourself.at\/index.php\/wp-json\/wp\/v2\/pages\/108"}],"collection":[{"href":"https:\/\/www.seeforyourself.at\/index.php\/wp-json\/wp\/v2\/pages"}],"about":[{"href":"https:\/\/www.seeforyourself.at\/index.php\/wp-json\/wp\/v2\/types\/page"}],"author":[{"embeddable":true,"href":"https:\/\/www.seeforyourself.at\/index.php\/wp-json\/wp\/v2\/users\/1"}],"replies":[{"embeddable":true,"href":"https:\/\/www.seeforyourself.at\/index.php\/wp-json\/wp\/v2\/comments?post=108"}],"version-history":[{"count":16,"href":"https:\/\/www.seeforyourself.at\/index.php\/wp-json\/wp\/v2\/pages\/108\/revisions"}],"predecessor-version":[{"id":715,"href":"https:\/\/www.seeforyourself.at\/index.php\/wp-json\/wp\/v2\/pages\/108\/revisions\/715"}],"wp:attachment":[{"href":"https:\/\/www.seeforyourself.at\/index.php\/wp-json\/wp\/v2\/media?parent=108"}],"curies":[{"name":"wp","href":"https:\/\/api.w.org\/{rel}","templated":true}]}}