{"id":195,"date":"2019-03-27T22:37:40","date_gmt":"2019-03-27T22:37:40","guid":{"rendered":"http:\/\/wp.seeforyourself.at\/?page_id=195"},"modified":"2019-04-10T17:47:13","modified_gmt":"2019-04-10T15:47:13","slug":"forschung-und-lehre-2","status":"publish","type":"page","link":"https:\/\/www.seeforyourself.at\/index.php\/forschung-und-lehre-2\/","title":{"rendered":"Coach und Teamgestalter"},"content":{"rendered":"<style type=\"text\/css\">#post-grid-196 .element_0{font-size:12px;display:block;padding:10px;}#post-grid-196 .element_0:hover{}#post-grid-196 .item{\r\n\t\t\tbackground:#fff;\r\n\t\r\n\t\t\t}<\/style><style type=\"text\/css\">\/*Write your CSS code here*\/<\/style><style type=\"text\/css\">#post-grid-196 {\r\n\t\t\tpadding:1px;\r\n\t\t\tbackground: #fff url() repeat scroll 0 0;\r\n\t\t}#post-grid-196 .item .layer-media{overflow: hidden;\r\n\t\t}@media only screen and (min-width: 1024px ) {#post-grid-196 .item .layer-media{height:auto;}}\r\n\t\t\r\n\t\t@media only screen and ( min-width: 768px ) and ( max-width: 1023px ) {#post-grid-196 .item .layer-media{height:auto}}\r\n\t\t\r\n\t\t@media only screen and ( min-width: 320px ) and ( max-width: 767px ) {#post-grid-196 .item .layer-media{height:auto}}#post-grid-196 .item{\r\n\t\tmargin:10px;}@media only screen and (min-width: 1024px ) {#post-grid-196 .item{height:auto;}}\r\n\t\r\n\t@media only screen and ( min-width: 768px ) and ( max-width: 1023px ) {#post-grid-196 .item{height:auto}}\r\n\t\r\n\t@media only screen and ( min-width: 320px ) and ( max-width: 767px ) {#post-grid-196 .item{height:auto}}\r\n\t@media only screen and (min-width: 1024px ) {\r\n\t#post-grid-196 .item{width:280px}\r\n\t\r\n\t}\r\n\t\r\n\t@media only screen and ( min-width: 768px ) and ( max-width: 1023px ) {\r\n\t#post-grid-196 .item{width:280px}\r\n\t}\r\n\t\r\n\t@media only screen and ( min-width: 320px ) and ( max-width: 767px ) {\r\n\t#post-grid-196 .item{width:90%}\r\n\t}<\/style><div id=\"post-grid-196\" class=\"post-grid grid\"><div class=\"grid-nav-top\"><\/div><div class=\"grid-items \" id=\"\"><div  class=\"item mix skin even flat coaching \"><div class=\"layer-media\"><img alt=\"\" src=\"https:\/\/www.seeforyourself.at\/wp-content\/uploads\/2019\/04\/AdobeStock_259536587-e1554934809639-1024x604.jpeg\" \/><\/div><div class=\"layer-content\"><div class=\"element element_0 content\"  ><h1>Teamgestalter<\/h1>\r\nDie Gestaltung, also das bewusste Formen von Teams und deren Umgebungen wird zum entscheidenden Erfolgsfaktor f\u00fcr resiliente, bewegliche Unternehmen.\r\n\r\nDas Gelingen von Teams ist kein Zufall. Es ist unverzichtbar, denn Vertrauen ist Umsetzungsgeschwindigkeit \u2013 und Geschwindigkeit wird spielentscheidend sein.<\/div><\/div><\/div><div  class=\"item mix skin odd flat coaching \"><div class=\"layer-media\"><img alt=\"\" src=\"https:\/\/www.seeforyourself.at\/wp-content\/uploads\/2019\/04\/AdobeStock_81494407-1024x614.jpeg\" \/><\/div><div class=\"layer-content\"><div class=\"element element_0 content\"  ><h1>C-Level Coach<\/h1>\r\nVorstandsetage.&nbsp;\r\n\r\nDie Luft ist d\u00fcnner, die Entscheidungen weitreichender, Angst und Fehler darf es nicht geben\u2026\r\n\r\n\u2026k\u00f6nnte man glauben.\r\n\r\nAlte Werte sind gefragt: Ruhe, \u00dcberblick, Souver\u00e4nit\u00e4t, Mut, Gelassenheit, Verschwiegenheit\u2026\r\n\r\n\u2026 und Lebenserfahrung.<\/div><\/div><\/div><div  class=\"item mix skin even flat coaching \"><div class=\"layer-media\"><img alt=\"\" src=\"https:\/\/www.seeforyourself.at\/wp-content\/uploads\/2019\/04\/AdobeStock_82365860-e1554935064123-1024x671.jpeg\" \/><\/div><div class=\"layer-content\"><div class=\"element element_0 content\"  ><h1>Personal Counsellor<\/h1>\r\nA Bend in the Road is not the End of the Road...... unless you fail to make the turn.\r\n\r\nOft gen\u00fcgt eine gezielte Frage und die ganze Welt dreht sich.\r\n\r\nTrennen wir Wesentliches von \u201enur\u201c Interessantem.\r\n\r\nFinden wir den Hauptansatzpunkt und mit nur kleinen Korrekturen wird Gro\u00dfes erreichbar<\/div><\/div><\/div><div  class=\"item mix skin odd flat coaching \"><div class=\"layer-media\"><img alt=\"\" src=\"https:\/\/www.seeforyourself.at\/wp-content\/uploads\/2019\/04\/AdobeStock_88877593-e1554935338608-1024x663.jpeg\" \/><\/div><div class=\"layer-content\"><div class=\"element element_0 content\"  ><h1>Talking Mirror<\/h1>\r\nDer Klient radikal im Mittelpunkt der Betrachtung. Das bedeutet nicht, dass der Spiegel nicht auch eine Meinung haben darf.\r\n\r\nGespiegeltes und Spiegelndes treten in den Austausch. Neues entsteht.\r\n...eine v\u00f6llig neue Definition von Beratung.<\/div><\/div><\/div><div  class=\"item mix skin even flat coaching \"><div class=\"layer-media\"><img alt=\"\" src=\"https:\/\/www.seeforyourself.at\/wp-content\/uploads\/2019\/04\/AdobeStock_129222559-e1554935566469-1024x379.jpeg\" \/><\/div><div class=\"layer-content\"><div class=\"element element_0 content\"  ><h1>Business Profiler&nbsp;<\/h1>\r\nBlitzschnell: Wer bist du und wie tickst du.\r\n\r\nUnbewusste K\u00f6rpersignale zeigen in sekundenschnelle verborgene Facetten der Pers\u00f6nlichkeit - intrinsische W\u00fcnsche, Sehns\u00fcchte, Antreiber, Bef\u00fcrchtungen.\r\n\r\nDurch Beobachtung zu Wissen&nbsp; ...&nbsp; durch Wissen zu Erkenntnis&nbsp; ...&nbsp; durch Erkenntnis zu Verst\u00e4ndnis&nbsp; ...&nbsp; durch Verst\u00e4ndnis zu Sicherheit.<\/div><\/div><\/div><div  class=\"item mix skin odd flat coaching \"><div class=\"layer-media\"><img alt=\"\" src=\"https:\/\/www.seeforyourself.at\/wp-content\/uploads\/2019\/04\/MD-Certified-Partner-big-1024x250.jpg\" \/><\/div><div class=\"layer-content\"><div class=\"element element_0 content\"  ><h1>Certified Consultant<\/h1>\r\nIm Coaching:\r\nPers\u00f6nliche St\u00e4rken und Schw\u00e4chen werden benannt, f\u00fcr den Klienten begreifbar und somit ver\u00e4nderbar. Pers\u00f6nliche Entwicklung, wissenschaftlich gest\u00fctzt \u2013 jenseits des Zufalles und der Beliebigkeit. ----------\r\n\r\nIn der Teamentwicklung:&nbsp;\r\nEmpf\u00e4ngergerechte Kommunikation erm\u00f6glicht beeindruckende Kommunikationsgeschwindigkeit und -tiefe. Entspanntes gemeinsames Konzipieren und Umsetzen ist die Folge. Teams beginnen zu leben.\r\n\r\n <a href=\"https:\/\/www.seeforyourself.at\/index.php\/2019\/04\/02\/certified-consultant\/#more-418\" class=\"more-link\"><span aria-label=\"Certified Consultant weiterlesen\">(mehr\u00a0&hellip;)<\/span><\/a><\/div><\/div><\/div><\/div><div class=\"grid-nav-bottom\"><div class=\"pagination dark\"><div class=\"paginate\"><\/div ><\/div ><\/div><script>\r\n\t\tjQuery(document).ready(function($)\r\n\t\t{\r\n\t\t\t$(\"#post-grid-196 .layer-media .gallery\").owlCarousel({\r\n\t\t\t\t\r\n\t\t\t\titems : 1,\r\n\r\n\t\t\t\tnavText : [\"\",\"\"],\r\n\t\t\t\tautoplay: true,\r\n\t\t\t\tloop: true,\r\n\t\t\t\tautoHeight : true,\t\r\n\t\t\t\tnav : false,\t\r\n\t\t\t\tdots : false,\t\t\t\t\t\r\n\t\t\t\t\t\t\t\t\t\t\t\r\n\t\t\t\t\t\t\t\t\r\n\t\t\t\t});\r\n\t\t\r\n\t\t});<\/script><\/div>\n","protected":false},"excerpt":{"rendered":"","protected":false},"author":2,"featured_media":0,"parent":0,"menu_order":0,"comment_status":"closed","ping_status":"closed","template":"","meta":{"ngg_post_thumbnail":0},"yoast_head":"<!-- This site is optimized with the Yoast SEO plugin v15.8 - https:\/\/yoast.com\/wordpress\/plugins\/seo\/ -->\n<title>Coach und Teamgestalter - Georg Breiner<\/title>\n<meta name=\"robots\" content=\"index, follow, max-snippet:-1, max-image-preview:large, max-video-preview:-1\" \/>\n<link rel=\"canonical\" href=\"https:\/\/www.seeforyourself.at\/index.php\/forschung-und-lehre-2\/\" \/>\n<meta property=\"og:locale\" content=\"de_DE\" \/>\n<meta property=\"og:type\" content=\"article\" \/>\n<meta property=\"og:title\" content=\"Coach und Teamgestalter - Georg Breiner\" \/>\n<meta property=\"og:url\" content=\"https:\/\/www.seeforyourself.at\/index.php\/forschung-und-lehre-2\/\" \/>\n<meta property=\"og:site_name\" content=\"Georg Breiner\" \/>\n<meta property=\"article:modified_time\" content=\"2019-04-10T15:47:13+00:00\" \/>\n<meta name=\"twitter:card\" content=\"summary_large_image\" \/>\n<script type=\"application\/ld+json\" class=\"yoast-schema-graph\">{\"@context\":\"https:\/\/schema.org\",\"@graph\":[{\"@type\":\"WebSite\",\"@id\":\"http:\/\/www.seeforyourself.at\/#website\",\"url\":\"http:\/\/www.seeforyourself.at\/\",\"name\":\"Seeforyourself\",\"description\":\"See For Yourself\",\"potentialAction\":[{\"@type\":\"SearchAction\",\"target\":\"http:\/\/www.seeforyourself.at\/?s={search_term_string}\",\"query-input\":\"required name=search_term_string\"}],\"inLanguage\":\"de-DE\"},{\"@type\":\"WebPage\",\"@id\":\"https:\/\/www.seeforyourself.at\/index.php\/forschung-und-lehre-2\/#webpage\",\"url\":\"https:\/\/www.seeforyourself.at\/index.php\/forschung-und-lehre-2\/\",\"name\":\"Coach und Teamgestalter - Georg Breiner\",\"isPartOf\":{\"@id\":\"http:\/\/www.seeforyourself.at\/#website\"},\"datePublished\":\"2019-03-27T22:37:40+00:00\",\"dateModified\":\"2019-04-10T15:47:13+00:00\",\"breadcrumb\":{\"@id\":\"https:\/\/www.seeforyourself.at\/index.php\/forschung-und-lehre-2\/#breadcrumb\"},\"inLanguage\":\"de-DE\",\"potentialAction\":[{\"@type\":\"ReadAction\",\"target\":[\"https:\/\/www.seeforyourself.at\/index.php\/forschung-und-lehre-2\/\"]}]},{\"@type\":\"BreadcrumbList\",\"@id\":\"https:\/\/www.seeforyourself.at\/index.php\/forschung-und-lehre-2\/#breadcrumb\",\"itemListElement\":[{\"@type\":\"ListItem\",\"position\":1,\"item\":{\"@type\":\"WebPage\",\"@id\":\"http:\/\/www.seeforyourself.at\/\",\"url\":\"http:\/\/www.seeforyourself.at\/\",\"name\":\"Home\"}},{\"@type\":\"ListItem\",\"position\":2,\"item\":{\"@type\":\"WebPage\",\"@id\":\"https:\/\/www.seeforyourself.at\/index.php\/forschung-und-lehre-2\/\",\"url\":\"https:\/\/www.seeforyourself.at\/index.php\/forschung-und-lehre-2\/\",\"name\":\"Coach und Teamgestalter\"}}]}]}<\/script>\n<!-- \/ Yoast SEO plugin. -->","_links":{"self":[{"href":"https:\/\/www.seeforyourself.at\/index.php\/wp-json\/wp\/v2\/pages\/195"}],"collection":[{"href":"https:\/\/www.seeforyourself.at\/index.php\/wp-json\/wp\/v2\/pages"}],"about":[{"href":"https:\/\/www.seeforyourself.at\/index.php\/wp-json\/wp\/v2\/types\/page"}],"author":[{"embeddable":true,"href":"https:\/\/www.seeforyourself.at\/index.php\/wp-json\/wp\/v2\/users\/2"}],"replies":[{"embeddable":true,"href":"https:\/\/www.seeforyourself.at\/index.php\/wp-json\/wp\/v2\/comments?post=195"}],"version-history":[{"count":7,"href":"https:\/\/www.seeforyourself.at\/index.php\/wp-json\/wp\/v2\/pages\/195\/revisions"}],"predecessor-version":[{"id":410,"href":"https:\/\/www.seeforyourself.at\/index.php\/wp-json\/wp\/v2\/pages\/195\/revisions\/410"}],"wp:attachment":[{"href":"https:\/\/www.seeforyourself.at\/index.php\/wp-json\/wp\/v2\/media?parent=195"}],"curies":[{"name":"wp","href":"https:\/\/api.w.org\/{rel}","templated":true}]}}