{"id":617,"date":"2019-09-18T23:41:27","date_gmt":"2019-09-18T21:41:27","guid":{"rendered":"https:\/\/www.seeforyourself.at\/?page_id=617"},"modified":"2019-10-20T23:22:09","modified_gmt":"2019-10-20T21:22:09","slug":"allgemeine-geschaeftsbedingungen-seminare-und-workshops","status":"publish","type":"page","link":"https:\/\/www.seeforyourself.at\/index.php\/allgemeine-geschaeftsbedingungen-seminare-und-workshops\/","title":{"rendered":"Allgemeine Gesch\u00e4ftsbedingungen Seminare und Workshops"},"content":{"rendered":"<p>1. Anmeldung<br \/>\nAnmeldungen, Umbuchungen sowie Stornierungen zu den Veranstaltungen werden nur schriftlich per Post oder per E-Mail entgegen genommen. Der Veranstalter (VA) best\u00e4tigt umgehend die rechtsverbindliche Anmeldung mittels Anmeldebest\u00e4tigung. Anmeldungen werden in der Reihenfolge ihres Eintreffens ber\u00fccksichtigt. Die schriftliche Anmeldung zu einer Veranstaltung, auch auf dem Wege des elektronischen Schriftverkehrs, ist in jedem Fall verbindlich.<\/p>\n<p>2. Zugangsvoraussetzungen<br \/>\nDie genauen Voraussetzungen (Mindestalter, Vorqualifikation, etc.) f\u00fcr die Teilnahme an einer Veranstaltung ist den entsprechenden Beschreibungen der jeweiligen Veranstaltung zu entnehmen. VA beh\u00e4lt sich das Recht vor, Interessenten abzulehnen.<\/p>\n<p>3. Zahlungsbedingungen<br \/>\nAlle Preise verstehen sich in Euro. Die geltenden Steuers\u00e4tze werden in der Veranstaltungsbeschreibung erkl\u00e4rt. Es gelten die Zahlungsbedingungen, die auf der Veranstaltungsrechnung ausgewiesen sind. Seminare sind im voraus zu bezahlen. F\u00fcr Veranstaltungen und Workshops ist bei Auftragserteilung eine Anzahlung von 30% der angebotenen Rechungssumme f\u00e4llig.<\/p>\n<p>4. R\u00fccktritt, Stornierung und Ausschluss<br \/>\nDer R\u00fccktritt von einem Lehrgang, Seminar oder Workshop hat in jedem Fall schriftlich zu erfolgen. Bei s\u00e4mtlichen Veranstaltungen ist ein kostenloser R\u00fccktritt bis 30 Tage vor Beginn m\u00f6glich. Bei sp\u00e4terem R\u00fccktritt, bis 15 Tage vor Beginn der Veranstaltung, wird eine Stornogeb\u00fchr von 50% der Teilnahmegeb\u00fchr in Rechnung gestellt. Bei R\u00fccktritt\/Storno innert 14 Tagen vor Beginn, oder bei Nichtabmelden und Nichterscheinen vom\/beim Lehrgang bzw. Seminar oder Workshop ist die volle Teilnahmegeb\u00fchr zu bezahlen. Die Stornogeb\u00fchr entf\u00e4llt, wenn von dem\/der TeilnehmerIn ein\/e der Zielgruppe entsprechende\/r ErsatzteilnehmerIn nominiert wird, der\/die die Veranstaltung besucht und den Teilnahmebeitrag leistet. Ma\u00dfgeblich f\u00fcr die Rechtzeitigkeit der R\u00fccktritts- bzw. Stornoerkl\u00e4rung ist das Einlangen des schriftlichen R\u00fccktritts im Veranstaltungsb\u00fcro. Der\/die Teilnehmende akzeptiert diese Bedingungen durch Anmeldung an die Veranstaltung. Eine Kursunterbrechung ist nach R\u00fccksprache mit der Kursleitung m\u00f6glich, \u00e4ndert aber nichts an der urspr\u00fcnglich vereinbarten Zahlungsmodalit\u00e4t. Der Veranstalter beh\u00e4lt sich einen Ausschluss eines\/r Teilnehmers\/in aufgrund schwerer disziplin\u00e4rer Vergehen oder groben Fehlverhaltens vor. Bei solcherart fr\u00fchzeitigem Ausscheiden, oder sp\u00e4terem Erscheinen &#8211; auch auf Wunsch des Teilnehmers bzw. der Teilnehmerin &#8211; entsteht kein Anspruch auf R\u00fcckerstattung des Seminarbeitrages oder sonstiger Kosten.<\/p>\n<p>5. R\u00fccktrittsrecht gem\u00e4\u00df Konsumentenschutzgesetz (KSchG)<br \/>\nErfolgt die Buchung einer Veranstaltung im Fernabsatz, insbesondere also per E-Mail oder online, steht dem\/der TeilnehmerIn als Konsument im Sinne des KSchG ein gesetzliches R\u00fccktrittsrecht im Sinne des Fernabsatzgesetzes binnen 7 Werktagen (Samstag z\u00e4hlt nicht als Werktag), gerechnet ab Vertragsabschluss, zu. Dies gilt nicht f\u00fcr Veranstaltungen, die bereits innerhalb dieser 7 Werktage ab Vertragsabschluss beginnen.<\/p>\n<p>6. Veranstaltungs\u00e4nderungen und -absagen<br \/>\nDas Zustandekommen einer Veranstaltung h\u00e4ngt von einer MindestteilnehmerInnenzahl ab. Der Veranstalter beh\u00e4lt sich vor, Veranstaltungen abzusagen. Bei einem Ausfall der Veranstaltung durch Krankheit des\/ der TrainerIn oder sonstiger unvorhersehbarer Ereignisse besteht kein Anspruch auf Durchf\u00fchrung der Veranstaltung. Ersatz f\u00fcr entstandene Aufwendungen (z.B. Fahrtkosten, Hotelkosten, Verdienstentgang etc.) und sonstige Anspr\u00fcche gegen\u00fcber dem Veranstalter sind daraus nicht abzuleiten. Dasselbe gilt f\u00fcr kurzfristig notwendige Terminverschiebungen bzw. Stundenplanumstellungen bei Lehrg\u00e4ngen. Muss eine Veranstaltung abgesagt werden, erfolgt eine abzugsfreie R\u00fcckerstattung von bereits eingezahlten Veranstaltungsbeitr\u00e4gen. Selbstverst\u00e4ndlich werden die Teilnehmenden in geeigneter Weise informiert.<\/p>\n<p>9. Anwesenheitspflicht<br \/>\nWenn nicht ausdr\u00fccklich anders angegeben ist, gilt eine Mindestanwesenheit von 80 % der in den jeweiligen Seminar- und Workshopbeschreibungen ausgewiesenen Unterrichtseinheiten bei allen Veranstaltungen als Voraussetzung f\u00fcr die erfolgreiche Absolvierung und die Ausstellung einer Teilnahmebest\u00e4tigung.<\/p>\n<p>10. Verantwortung<br \/>\nJede\/r Seminar- und WorkshopteilnehmerIn best\u00e4tigt, dass er\/sie k\u00f6rperlich fit ist, keine Krankheiten verbirgt und f\u00fcr alle Praxiseinheiten und \u00dcbungen selbst verantwortlich ist. Im Zweifelsfalle ist ein \u00e4rztliches Attest beizubringen. Die Teilnahme an s\u00e4mtlichen Veranstaltungen erfolgt eigenverantwortlich und im eigenen Risiko.<\/p>\n<p>11. Haftungsausschluss<br \/>\nDie aus Lehrg\u00e4ngen, Seminaren und Workshops angewendeten Kenntnisse begr\u00fcnden keinen Haftungsanspruch gegen\u00fcber dem Veranstalter oder dessen zurechenbaren Personen. F\u00fcr im Rahmen der Veranstaltungen auftretende Verletzungen wird die Haftung im Rahmen der gesetzlichen M\u00f6glichkeiten ausgeschlossen. Jede\/r TeilnehmerIn handelt eigenverantwortlich. Der Konsum von Alkohol und Drogen in den Kursr\u00e4umlichkeiten ist nicht gestattet und f\u00fchrt zum sofortigen Ausschluss von der Veranstaltung. F\u00fcr pers\u00f6nliche Gegenst\u00e4nde der Teilnehmenden wird seitens des Veranstalters keine Haftung \u00fcbernommen. Den Anweisungen des Lehrpersonals und den Sicherheitshinweisen ist unbedingt Folge zu leisten. Ein Zuwiderhandeln erfolgt auf eigene Gefahr. F\u00fcr allf\u00e4llige Sch\u00e4den kann in diesem Fall keinerlei Haftung \u00fcbernommen werden.<\/p>\n<p>12. Datenschutz<br \/>\nAlle pers\u00f6nlichen Angaben der Teilnehmenden werden vertraulich behandelt. Durch die Anmeldung erkl\u00e4ren sich die Teilnehmdenden mit der Be- und Verarbeitung der personenbezogenen Daten f\u00fcr Zwecke der Lehrgangs-, Seminar- Workshop- und Pr\u00fcfungsabwicklung sowie mit der Zusendung sp\u00e4terer Informationen im Zusammenhang mit beruflicher Bildung einverstanden. Die Daten werden nicht an Dritte weitergegeben. Der Teilnehmer bzw. die Teilnehmerin nimmt ausdr\u00fccklich zur Kenntnis, dass sich s\u00e4mtliche Unterlagen im Eigentum der Veranstaltungsleitung befinden. Jegliche Vervielf\u00e4ltigung dieser Dokumentation, auch auszugsweise, oder die Weitergabe an Dritte ist nicht gestattet. Weiters verpflichtet sich der Teilnehmer bzw. die Teilnehmerin s\u00e4mtliche Interna der Referenten sowie deren Klientel unter Wahrung der Geheimhaltungspflicht des Datenschutzgesetzes, zur vertrauensvollen Verwendung.<\/p>\n<p>13. Allgemeine Hinweise<br \/>\nSollten einzelne Bestimmungen dieser AGB unwirksam sein oder werden, so wird hierdurch die G\u00fcltigkeit der \u00fcbrigen AGB nicht ber\u00fchrt.<br \/>\nNebenabreden bed\u00fcrfen zu ihrer Wirksamkeit der Zustimmung der Vertragsparteien und der Schriftform.<\/p>\n<p>14. Gerichtsstand<br \/>\nGerichtstand ist das zust\u00e4ndige Handelsgericht Wien. Es gilt das Recht der Republik \u00d6sterreich.<br \/>\nDer Veranstalter beh\u00e4lt sich jedoch das Recht vor, auch am allgemeinen Gerichtsstand des Vertragspartners zu klagen.<\/p>\n","protected":false},"excerpt":{"rendered":"<p>1. Anmeldung Anmeldungen, Umbuchungen sowie Stornierungen zu den Veranstaltungen werden nur schriftlich per Post oder per E-Mail entgegen genommen. Der Veranstalter (VA) best\u00e4tigt umgehend die rechtsverbindliche Anmeldung mittels Anmeldebest\u00e4tigung. Anmeldungen werden in der Reihenfolge ihres Eintreffens ber\u00fccksichtigt. Die schriftliche Anmeldung zu einer Veranstaltung, auch auf dem Wege des elektronischen Schriftverkehrs, ist in jedem Fall verbindlich. &hellip; <\/p>\n<p class=\"link-more\"><a href=\"https:\/\/www.seeforyourself.at\/index.php\/allgemeine-geschaeftsbedingungen-seminare-und-workshops\/\" class=\"more-link\"><span class=\"screen-reader-text\">\u201eAllgemeine Gesch\u00e4ftsbedingungen Seminare und Workshops\u201c<\/span> weiterlesen<\/a><\/p>\n","protected":false},"author":1,"featured_media":0,"parent":0,"menu_order":0,"comment_status":"closed","ping_status":"closed","template":"","meta":{"ngg_post_thumbnail":0},"yoast_head":"<!-- This site is optimized with the Yoast SEO plugin v15.8 - https:\/\/yoast.com\/wordpress\/plugins\/seo\/ -->\n<title>Allgemeine Gesch\u00e4ftsbedingungen Seminare und Workshops - Georg Breiner<\/title>\n<meta name=\"robots\" content=\"index, follow, max-snippet:-1, max-image-preview:large, max-video-preview:-1\" \/>\n<link rel=\"canonical\" href=\"https:\/\/www.seeforyourself.at\/index.php\/allgemeine-geschaeftsbedingungen-seminare-und-workshops\/\" \/>\n<meta property=\"og:locale\" content=\"de_DE\" \/>\n<meta property=\"og:type\" content=\"article\" \/>\n<meta property=\"og:title\" content=\"Allgemeine Gesch\u00e4ftsbedingungen Seminare und Workshops - Georg Breiner\" \/>\n<meta property=\"og:description\" content=\"1. Anmeldung Anmeldungen, Umbuchungen sowie Stornierungen zu den Veranstaltungen werden nur schriftlich per Post oder per E-Mail entgegen genommen. Der Veranstalter (VA) best\u00e4tigt umgehend die rechtsverbindliche Anmeldung mittels Anmeldebest\u00e4tigung. Anmeldungen werden in der Reihenfolge ihres Eintreffens ber\u00fccksichtigt. Die schriftliche Anmeldung zu einer Veranstaltung, auch auf dem Wege des elektronischen Schriftverkehrs, ist in jedem Fall verbindlich. &hellip; \u201eAllgemeine Gesch\u00e4ftsbedingungen Seminare und Workshops\u201c weiterlesen\" \/>\n<meta property=\"og:url\" content=\"https:\/\/www.seeforyourself.at\/index.php\/allgemeine-geschaeftsbedingungen-seminare-und-workshops\/\" \/>\n<meta property=\"og:site_name\" content=\"Georg Breiner\" \/>\n<meta property=\"article:modified_time\" content=\"2019-10-20T21:22:09+00:00\" \/>\n<meta name=\"twitter:card\" content=\"summary_large_image\" \/>\n<meta name=\"twitter:label1\" content=\"Gesch\u00e4tzte Lesezeit\">\n\t<meta name=\"twitter:data1\" content=\"5 Minuten\">\n<script type=\"application\/ld+json\" class=\"yoast-schema-graph\">{\"@context\":\"https:\/\/schema.org\",\"@graph\":[{\"@type\":\"WebSite\",\"@id\":\"http:\/\/www.seeforyourself.at\/#website\",\"url\":\"http:\/\/www.seeforyourself.at\/\",\"name\":\"Seeforyourself\",\"description\":\"See For Yourself\",\"potentialAction\":[{\"@type\":\"SearchAction\",\"target\":\"http:\/\/www.seeforyourself.at\/?s={search_term_string}\",\"query-input\":\"required name=search_term_string\"}],\"inLanguage\":\"de-DE\"},{\"@type\":\"WebPage\",\"@id\":\"https:\/\/www.seeforyourself.at\/index.php\/allgemeine-geschaeftsbedingungen-seminare-und-workshops\/#webpage\",\"url\":\"https:\/\/www.seeforyourself.at\/index.php\/allgemeine-geschaeftsbedingungen-seminare-und-workshops\/\",\"name\":\"Allgemeine Gesch\\u00e4ftsbedingungen Seminare und Workshops - Georg Breiner\",\"isPartOf\":{\"@id\":\"http:\/\/www.seeforyourself.at\/#website\"},\"datePublished\":\"2019-09-18T21:41:27+00:00\",\"dateModified\":\"2019-10-20T21:22:09+00:00\",\"breadcrumb\":{\"@id\":\"https:\/\/www.seeforyourself.at\/index.php\/allgemeine-geschaeftsbedingungen-seminare-und-workshops\/#breadcrumb\"},\"inLanguage\":\"de-DE\",\"potentialAction\":[{\"@type\":\"ReadAction\",\"target\":[\"https:\/\/www.seeforyourself.at\/index.php\/allgemeine-geschaeftsbedingungen-seminare-und-workshops\/\"]}]},{\"@type\":\"BreadcrumbList\",\"@id\":\"https:\/\/www.seeforyourself.at\/index.php\/allgemeine-geschaeftsbedingungen-seminare-und-workshops\/#breadcrumb\",\"itemListElement\":[{\"@type\":\"ListItem\",\"position\":1,\"item\":{\"@type\":\"WebPage\",\"@id\":\"http:\/\/www.seeforyourself.at\/\",\"url\":\"http:\/\/www.seeforyourself.at\/\",\"name\":\"Home\"}},{\"@type\":\"ListItem\",\"position\":2,\"item\":{\"@type\":\"WebPage\",\"@id\":\"https:\/\/www.seeforyourself.at\/index.php\/allgemeine-geschaeftsbedingungen-seminare-und-workshops\/\",\"url\":\"https:\/\/www.seeforyourself.at\/index.php\/allgemeine-geschaeftsbedingungen-seminare-und-workshops\/\",\"name\":\"Allgemeine Gesch\\u00e4ftsbedingungen Seminare und Workshops\"}}]}]}<\/script>\n<!-- \/ Yoast SEO plugin. -->","_links":{"self":[{"href":"https:\/\/www.seeforyourself.at\/index.php\/wp-json\/wp\/v2\/pages\/617"}],"collection":[{"href":"https:\/\/www.seeforyourself.at\/index.php\/wp-json\/wp\/v2\/pages"}],"about":[{"href":"https:\/\/www.seeforyourself.at\/index.php\/wp-json\/wp\/v2\/types\/page"}],"author":[{"embeddable":true,"href":"https:\/\/www.seeforyourself.at\/index.php\/wp-json\/wp\/v2\/users\/1"}],"replies":[{"embeddable":true,"href":"https:\/\/www.seeforyourself.at\/index.php\/wp-json\/wp\/v2\/comments?post=617"}],"version-history":[{"count":5,"href":"https:\/\/www.seeforyourself.at\/index.php\/wp-json\/wp\/v2\/pages\/617\/revisions"}],"predecessor-version":[{"id":628,"href":"https:\/\/www.seeforyourself.at\/index.php\/wp-json\/wp\/v2\/pages\/617\/revisions\/628"}],"wp:attachment":[{"href":"https:\/\/www.seeforyourself.at\/index.php\/wp-json\/wp\/v2\/media?parent=617"}],"curies":[{"name":"wp","href":"https:\/\/api.w.org\/{rel}","templated":true}]}}