{"id":687,"date":"2020-10-14T07:15:08","date_gmt":"2020-10-14T05:15:08","guid":{"rendered":"https:\/\/www.seeforyourself.at\/?page_id=687"},"modified":"2020-10-14T07:15:08","modified_gmt":"2020-10-14T05:15:08","slug":"kontakt","status":"publish","type":"page","link":"https:\/\/www.seeforyourself.at\/index.php\/kontakt\/","title":{"rendered":"Kontakt"},"content":{"rendered":"<p>Was kann ich f\u00fcr Sie oder Ihr Team tun?<\/p>\n<p><strong>Rufen Sie mich an:&nbsp; +43 676 390 2900<\/strong><\/p>\n<p>&#8230; oder schreiben Sie mir: <a href=\"mailto:office@seeforyourself.at\">office@seeforyourself.at<\/a><\/p>\n<p><strong>Ich freue mich wirklich auf unsere Begegnung!<\/strong><\/p>\n<p>B\u00fcro:<br \/>\nMargaritenweg 9<br \/>\n2301 Gro\u00df-Enzersdorf<\/p>\n<p>Beratungsraum 1:<br \/>\nTaborstra\u00dfe 44<br \/>\n1020 Wien<\/p>\n<p>Beratungsraum 2:<br \/>\nSchlo\u00dfhofer Stra\u00dfe 4<br \/>\n2301 Gro\u00df-Enzersdorf<\/p>\n","protected":false},"excerpt":{"rendered":"<p>Was kann ich f\u00fcr Sie oder Ihr Team tun? Rufen Sie mich an:&nbsp; +43 676 390 2900 &#8230; oder schreiben Sie mir: office@seeforyourself.at Ich freue mich wirklich auf unsere Begegnung! B\u00fcro: Margaritenweg 9 2301 Gro\u00df-Enzersdorf Beratungsraum 1: Taborstra\u00dfe 44 1020 Wien Beratungsraum 2: Schlo\u00dfhofer Stra\u00dfe 4 2301 Gro\u00df-Enzersdorf<\/p>\n","protected":false},"author":3,"featured_media":0,"parent":0,"menu_order":0,"comment_status":"closed","ping_status":"closed","template":"","meta":{"ngg_post_thumbnail":0},"yoast_head":"<!-- This site is optimized with the Yoast SEO plugin v15.8 - https:\/\/yoast.com\/wordpress\/plugins\/seo\/ -->\n<title>Kontakt - Georg Breiner<\/title>\n<meta name=\"robots\" content=\"index, follow, max-snippet:-1, max-image-preview:large, max-video-preview:-1\" \/>\n<link rel=\"canonical\" href=\"https:\/\/www.seeforyourself.at\/index.php\/kontakt\/\" \/>\n<meta property=\"og:locale\" content=\"de_DE\" \/>\n<meta property=\"og:type\" content=\"article\" \/>\n<meta property=\"og:title\" content=\"Kontakt - Georg Breiner\" \/>\n<meta property=\"og:description\" content=\"Was kann ich f\u00fcr Sie oder Ihr Team tun? Rufen Sie mich an:&nbsp; +43 676 390 2900 &#8230; oder schreiben Sie mir: office@seeforyourself.at Ich freue mich wirklich auf unsere Begegnung! B\u00fcro: Margaritenweg 9 2301 Gro\u00df-Enzersdorf Beratungsraum 1: Taborstra\u00dfe 44 1020 Wien Beratungsraum 2: Schlo\u00dfhofer Stra\u00dfe 4 2301 Gro\u00df-Enzersdorf\" \/>\n<meta property=\"og:url\" content=\"https:\/\/www.seeforyourself.at\/index.php\/kontakt\/\" \/>\n<meta property=\"og:site_name\" content=\"Georg Breiner\" \/>\n<meta name=\"twitter:card\" content=\"summary_large_image\" \/>\n<script type=\"application\/ld+json\" class=\"yoast-schema-graph\">{\"@context\":\"https:\/\/schema.org\",\"@graph\":[{\"@type\":\"WebSite\",\"@id\":\"http:\/\/www.seeforyourself.at\/#website\",\"url\":\"http:\/\/www.seeforyourself.at\/\",\"name\":\"Seeforyourself\",\"description\":\"See For Yourself\",\"potentialAction\":[{\"@type\":\"SearchAction\",\"target\":\"http:\/\/www.seeforyourself.at\/?s={search_term_string}\",\"query-input\":\"required name=search_term_string\"}],\"inLanguage\":\"de-DE\"},{\"@type\":\"WebPage\",\"@id\":\"https:\/\/www.seeforyourself.at\/index.php\/kontakt\/#webpage\",\"url\":\"https:\/\/www.seeforyourself.at\/index.php\/kontakt\/\",\"name\":\"Kontakt - Georg Breiner\",\"isPartOf\":{\"@id\":\"http:\/\/www.seeforyourself.at\/#website\"},\"datePublished\":\"2020-10-14T05:15:08+00:00\",\"dateModified\":\"2020-10-14T05:15:08+00:00\",\"breadcrumb\":{\"@id\":\"https:\/\/www.seeforyourself.at\/index.php\/kontakt\/#breadcrumb\"},\"inLanguage\":\"de-DE\",\"potentialAction\":[{\"@type\":\"ReadAction\",\"target\":[\"https:\/\/www.seeforyourself.at\/index.php\/kontakt\/\"]}]},{\"@type\":\"BreadcrumbList\",\"@id\":\"https:\/\/www.seeforyourself.at\/index.php\/kontakt\/#breadcrumb\",\"itemListElement\":[{\"@type\":\"ListItem\",\"position\":1,\"item\":{\"@type\":\"WebPage\",\"@id\":\"http:\/\/www.seeforyourself.at\/\",\"url\":\"http:\/\/www.seeforyourself.at\/\",\"name\":\"Home\"}},{\"@type\":\"ListItem\",\"position\":2,\"item\":{\"@type\":\"WebPage\",\"@id\":\"https:\/\/www.seeforyourself.at\/index.php\/kontakt\/\",\"url\":\"https:\/\/www.seeforyourself.at\/index.php\/kontakt\/\",\"name\":\"Kontakt\"}}]}]}<\/script>\n<!-- \/ Yoast SEO plugin. -->","_links":{"self":[{"href":"https:\/\/www.seeforyourself.at\/index.php\/wp-json\/wp\/v2\/pages\/687"}],"collection":[{"href":"https:\/\/www.seeforyourself.at\/index.php\/wp-json\/wp\/v2\/pages"}],"about":[{"href":"https:\/\/www.seeforyourself.at\/index.php\/wp-json\/wp\/v2\/types\/page"}],"author":[{"embeddable":true,"href":"https:\/\/www.seeforyourself.at\/index.php\/wp-json\/wp\/v2\/users\/3"}],"replies":[{"embeddable":true,"href":"https:\/\/www.seeforyourself.at\/index.php\/wp-json\/wp\/v2\/comments?post=687"}],"version-history":[{"count":1,"href":"https:\/\/www.seeforyourself.at\/index.php\/wp-json\/wp\/v2\/pages\/687\/revisions"}],"predecessor-version":[{"id":688,"href":"https:\/\/www.seeforyourself.at\/index.php\/wp-json\/wp\/v2\/pages\/687\/revisions\/688"}],"wp:attachment":[{"href":"https:\/\/www.seeforyourself.at\/index.php\/wp-json\/wp\/v2\/media?parent=687"}],"curies":[{"name":"wp","href":"https:\/\/api.w.org\/{rel}","templated":true}]}}