{"id":93,"date":"2019-03-09T22:31:59","date_gmt":"2019-03-09T22:31:59","guid":{"rendered":"http:\/\/wp.seeforyourself.at\/?page_id=93"},"modified":"2023-08-18T17:52:46","modified_gmt":"2023-08-18T15:52:46","slug":"ich-bin-mich-inspiriert","status":"publish","type":"page","link":"https:\/\/www.seeforyourself.at\/index.php\/ich-bin-mich-inspiriert\/","title":{"rendered":"Ich bin &#8211; mich inspirieren"},"content":{"rendered":"\t\t<div data-elementor-type=\"wp-page\" data-elementor-id=\"93\" class=\"elementor elementor-93\" data-elementor-settings=\"[]\">\n\t\t\t\t\t\t<div class=\"elementor-inner\">\n\t\t\t\t\t\t\t<div class=\"elementor-section-wrap\">\n\t\t\t\t\t\t\t<section class=\"elementor-section elementor-top-section elementor-element elementor-element-236aed1f elementor-section-boxed elementor-section-height-default elementor-section-height-default\" data-id=\"236aed1f\" data-element_type=\"section\">\n\t\t\t\t\t\t<div class=\"elementor-container elementor-column-gap-default\">\n\t\t\t\t\t\t\t<div class=\"elementor-row\">\n\t\t\t\t\t<div class=\"elementor-column elementor-col-100 elementor-top-column elementor-element elementor-element-2a251bd8\" data-id=\"2a251bd8\" data-element_type=\"column\">\n\t\t\t<div class=\"elementor-column-wrap elementor-element-populated\">\n\t\t\t\t\t\t\t<div class=\"elementor-widget-wrap\">\n\t\t\t\t\t\t<div class=\"elementor-element elementor-element-78448aab elementor-widget elementor-widget-text-editor\" data-id=\"78448aab\" data-element_type=\"widget\" data-widget_type=\"text-editor.default\">\n\t\t\t\t<div class=\"elementor-widget-container\">\n\t\t\t\t\t<div class=\"elementor-text-editor elementor-clearfix\"><h2>Ich bin&#8230;<\/h2>\n<p>&#8230; Systemischer Coach (LifeLounge)<\/p>\n<p>&#8230; Pionier und Mastermind des online-Systembretts (<a href=\"https:\/\/www.online-systembrett.com\/\">www.online-systembrett.com<\/a>)<\/p>\n<p><span lang=\"en-GB\">&#8230; Certified Management Drives Consultant (<a href=\"https:\/\/www.managementdrives.com\/de\/\">www.managementdrives.com<\/a> )<\/span><\/p>\n<p>&#8230; Teamgestalter (<a href=\"https:\/\/teamworks-gmbh.de\/\">teamworks-gmbh.de<\/a> )<\/p>\n<p>&#8230; Zertifizierter Sokrates-Map Expert&nbsp; (<a href=\"https:\/\/sokratesmapconcept.com\/\">sokratesmapconcept.com<\/a>)<\/p>\n<p>&#8230; Systemischer Strukturaufsteller (<a href=\"https:\/\/syst.info\/\">syst.info<\/a> )<\/p>\n<p>&#8230; Akkreditierter TMS Trainer und Berater (<a href=\"http:\/\/www.tms-zentrum.de\/\">www.tms-zentrum.de<\/a> )<\/p>\n<p>&#8230; Experte f\u00fcr fortgeschrittene Visualisierungsmethoden (<a href=\"http:\/\/www.systembrett.at\/\">www.systembrett.at<\/a>)<\/p>\n<p>&#8230; Universit\u00e4tslektor im Masterlehrgang &#8222;Arbeitsf\u00e4higkeits- und Eingliederungsmanagement&#8220; an der Medizinischen Universit\u00e4t Wien ( <a href=\"https:\/\/www.meduniwien.ac.at\/hp\/postgraduate\/universitaetslehrgaenge\/master-studien-msc-mph\/arbeitsfaehigkeits-und-eingliederungsmanagement\/\">www.meduniwien.ac.at<\/a> )<\/p>\n<p>&#8230; EUPPA zertifiziert in &#8222;Positive Psychology\u201c (<a href=\"http:\/\/www.euppa.at\">http:\/\/www.euppa.at<\/a>)<\/p>\n<h2><span style=\"font-size: 1.625rem; font-family: var( --e-global-typography-text-font-family ), Sans-serif;\"><br>Mitglied bei:<\/span><br><\/h2>\n<table style=\"width: 100%; height: 355px;\">\n<tbody>\n<tr>\n<td style=\"width: 93.6094px;\"><img loading=\"lazy\" src=\"https:\/\/www.seeforyourself.at\/wp-content\/uploads\/2020\/05\/infosyon-Logo-300x76.jpg\" alt=\"\" width=\"300\" height=\"76\"><\/td>\n<td style=\"width: 470.609px;\"><a href=\"https:\/\/www.infosyon.com\"><strong>infosyon<\/strong> &#8211; Internationales Forum f\u00fcr System-Aufstellungen in Organisationen und Arbeitskontexten<\/a><\/td>\n<\/tr>\n<tr>\n<td style=\"width: 93.6094px;\"><img loading=\"lazy\" src=\"https:\/\/www.seeforyourself.at\/wp-content\/uploads\/2020\/05\/SyStconnect-Logo.jpg\" alt=\"\" width=\"99\" height=\"37\"><\/td>\n<td style=\"width: 470.609px;\"><a href=\"https:\/\/www.systconnect.net\/\"><strong>SyStconnect<\/strong> \u2013 Vereinigung der systemischen StrukturaufstellerInnen<\/a><\/td>\n<\/tr>\n<tr>\n<td style=\"width: 93.6094px;\"><img loading=\"lazy\" src=\"https:\/\/www.seeforyourself.at\/wp-content\/uploads\/2021\/01\/VBT_Professional_Member_Logo.png\" alt=\"Georg Breiner VBT_Professional_Member\" width=\"227\" height=\"121\"><\/td>\n<td style=\"width: 470.609px;\"><a href=\"https:\/\/www.business-trainer.at\/\"><strong>VBT<\/strong> &#8211; Verein Business Trainer \u00d6sterreichs<\/a><\/td>\n<\/tr>\n<tr>\n<td style=\"width: 93.6094px;\"><img loading=\"lazy\" src=\"https:\/\/www.seeforyourself.at\/wp-content\/uploads\/2020\/05\/ISCA-MEMBER-LOGO-300x169.jpg\" alt=\"\" width=\"74\" height=\"42\"><\/td>\n<td style=\"width: 470.609px;\"><a href=\"http:\/\/isca-network.org\/\"><strong>ISCA<\/strong> &#8211; International Systemic Constellation Association<\/a><\/td>\n<\/tr>\n<tr>\n<td style=\"width: 93.6094px;\"><img loading=\"lazy\" src=\"https:\/\/www.seeforyourself.at\/wp-content\/uploads\/2020\/06\/\u00d6FS-Logo.jpg\" alt=\"\" width=\"281\" height=\"91\"><\/td>\n<td style=\"width: 470.609px;\"><a href=\"https:\/\/www.forum-systemaufstellungen.at\/\"><strong>\u00d6fS <\/strong>&#8211; \u00d6sterreichisches Forum Systemaufstellungen<\/a><\/td>\n<\/tr>\n<tr>\n<td style=\"width: 93.6094px;\"><img src=\"https:\/\/www.seeforyourself.at\/wp-content\/uploads\/2021\/02\/DGfS-logo.jpg\"><\/td>\n<td style=\"width: 470.609px;\"><a href=\"https:\/\/systemaufstellung.com\/\"><strong>DGfS<\/strong> &#8211; Deutsche Gesellschaft f\u00fcr Systemaufstellungen<\/a><\/td>\n<\/tr>\n<\/tbody>\n<\/table>\n<h2>\u2026mich inspirieren\u2026&nbsp;<\/h2>\n<p>\u2026 meine Frau, meine 3 T\u00f6chter und mitlerweile schon einige Lebensjahre<\/p>\n<p>\u2026 6 Firmen, die ich gegr\u00fcndet habe<\/p>\n<p>\u2026 eine interdependente, konstruktivistische Weltsicht<\/p>\n<p>\u2026 menschliche Vielfalt und Einfallsreichtum<\/p>\n<p>\u2026 systemische Grunds\u00e4tze und Ausgleichsprinzipien<\/p>\n<p>&#8230; kompetenzorientierte Betrachtung<\/p>\n<p>&#8230; gewaltfreie Kommunikation nach Marshall Rosenberg&nbsp; <a href=\"https:\/\/www.cnvc.org\/\">https:\/\/www.cnvc.org\/<\/a><\/p>\n<p>&#8230; hypnosystemische Konzepte nach Gunther Schmidt und Milton Erickson <a href=\"https:\/\/www.meihei.de\/\">https:\/\/www.meihei.de\/<\/a><\/p>\n<p>&#8230; Solution Focused&nbsp; Therapy nach Steve de Shazer&nbsp; <a href=\"https:\/\/solutionfocused.net\">https:\/\/solutionfocused.net<\/a><\/p>\n<p>&#8230; EKS Strategie&nbsp; &nbsp;<a href=\"https:\/\/www.strategie.net\/\">https:\/\/www.strategie.net\/<\/a><\/p>\n<p>&#8230; Montessori P\u00e4dagogik &nbsp;&nbsp;<a href=\"https:\/\/montessori.at\/\">https:\/\/montessori.at\/<\/a><\/p><\/div>\n\t\t\t\t<\/div>\n\t\t\t\t<\/div>\n\t\t\t\t\t\t<\/div>\n\t\t\t\t\t<\/div>\n\t\t<\/div>\n\t\t\t\t\t\t\t\t<\/div>\n\t\t\t\t\t<\/div>\n\t\t<\/section>\n\t\t\t\t\t\t<\/div>\n\t\t\t\t\t\t<\/div>\n\t\t\t\t\t<\/div>\n\t\t","protected":false},"excerpt":{"rendered":"<p>Ich bin&#8230; &#8230; Systemischer Coach (LifeLounge) &#8230; Pionier und Mastermind des online-Systembretts (www.online-systembrett.com) &#8230; Certified Management Drives Consultant (www.managementdrives.com ) &#8230; Teamgestalter (teamworks-gmbh.de ) &#8230; Zertifizierter Sokrates-Map Expert&nbsp; (sokratesmapconcept.com) &#8230; Systemischer Strukturaufsteller (syst.info ) &#8230; Akkreditierter TMS Trainer und Berater (www.tms-zentrum.de ) &#8230; Experte f\u00fcr fortgeschrittene Visualisierungsmethoden (www.systembrett.at) &#8230; Universit\u00e4tslektor im Masterlehrgang &#8222;Arbeitsf\u00e4higkeits- und Eingliederungsmanagement&#8220; &hellip; <\/p>\n<p class=\"link-more\"><a href=\"https:\/\/www.seeforyourself.at\/index.php\/ich-bin-mich-inspiriert\/\" class=\"more-link\"><span class=\"screen-reader-text\">\u201eIch bin &#8211; mich inspirieren\u201c<\/span> weiterlesen<\/a><\/p>\n","protected":false},"author":2,"featured_media":627,"parent":0,"menu_order":0,"comment_status":"closed","ping_status":"closed","template":"","meta":{"ngg_post_thumbnail":0},"yoast_head":"<!-- This site is optimized with the Yoast SEO plugin v15.8 - https:\/\/yoast.com\/wordpress\/plugins\/seo\/ -->\n<title>Ich bin - mich inspirieren - Georg Breiner<\/title>\n<meta name=\"robots\" content=\"index, follow, max-snippet:-1, max-image-preview:large, max-video-preview:-1\" \/>\n<link rel=\"canonical\" href=\"http:\/\/www.seeforyourself.at\/index.php\/ich-bin-mich-inspiriert\/\" \/>\n<meta property=\"og:locale\" content=\"de_DE\" \/>\n<meta property=\"og:type\" content=\"article\" \/>\n<meta property=\"og:title\" content=\"Ich bin - mich inspirieren - Georg Breiner\" \/>\n<meta property=\"og:description\" content=\"Ich bin&#8230; &#8230; Systemischer Coach (LifeLounge) &#8230; Pionier und Mastermind des online-Systembretts (www.online-systembrett.com) &#8230; Certified Management Drives Consultant (www.managementdrives.com ) &#8230; Teamgestalter (teamworks-gmbh.de ) &#8230; Zertifizierter Sokrates-Map Expert&nbsp; (sokratesmapconcept.com) &#8230; Systemischer Strukturaufsteller (syst.info ) &#8230; Akkreditierter TMS Trainer und Berater (www.tms-zentrum.de ) &#8230; Experte f\u00fcr fortgeschrittene Visualisierungsmethoden (www.systembrett.at) &#8230; Universit\u00e4tslektor im Masterlehrgang &#8222;Arbeitsf\u00e4higkeits- und Eingliederungsmanagement&#8220; &hellip; \u201eIch bin &#8211; mich inspirieren\u201c weiterlesen\" \/>\n<meta property=\"og:url\" content=\"http:\/\/www.seeforyourself.at\/index.php\/ich-bin-mich-inspiriert\/\" \/>\n<meta property=\"og:site_name\" content=\"Georg Breiner\" \/>\n<meta property=\"article:modified_time\" content=\"2023-08-18T15:52:46+00:00\" \/>\n<meta property=\"og:image\" content=\"https:\/\/www.seeforyourself.at\/wp-content\/uploads\/2019\/10\/Leichtigkeit4.jpg\" \/>\n\t<meta property=\"og:image:width\" content=\"2753\" \/>\n\t<meta property=\"og:image:height\" content=\"1548\" \/>\n<meta name=\"twitter:card\" content=\"summary_large_image\" \/>\n<meta name=\"twitter:label1\" content=\"Gesch\u00e4tzte Lesezeit\">\n\t<meta name=\"twitter:data1\" content=\"2 Minuten\">\n<script type=\"application\/ld+json\" class=\"yoast-schema-graph\">{\"@context\":\"https:\/\/schema.org\",\"@graph\":[{\"@type\":\"WebSite\",\"@id\":\"http:\/\/www.seeforyourself.at\/#website\",\"url\":\"http:\/\/www.seeforyourself.at\/\",\"name\":\"Seeforyourself\",\"description\":\"See For Yourself\",\"potentialAction\":[{\"@type\":\"SearchAction\",\"target\":\"http:\/\/www.seeforyourself.at\/?s={search_term_string}\",\"query-input\":\"required name=search_term_string\"}],\"inLanguage\":\"de-DE\"},{\"@type\":\"ImageObject\",\"@id\":\"http:\/\/www.seeforyourself.at\/index.php\/ich-bin-mich-inspiriert\/#primaryimage\",\"inLanguage\":\"de-DE\",\"url\":\"https:\/\/www.seeforyourself.at\/wp-content\/uploads\/2019\/10\/Leichtigkeit4.jpg\",\"width\":2753,\"height\":1548},{\"@type\":\"WebPage\",\"@id\":\"http:\/\/www.seeforyourself.at\/index.php\/ich-bin-mich-inspiriert\/#webpage\",\"url\":\"http:\/\/www.seeforyourself.at\/index.php\/ich-bin-mich-inspiriert\/\",\"name\":\"Ich bin - mich inspirieren - Georg Breiner\",\"isPartOf\":{\"@id\":\"http:\/\/www.seeforyourself.at\/#website\"},\"primaryImageOfPage\":{\"@id\":\"http:\/\/www.seeforyourself.at\/index.php\/ich-bin-mich-inspiriert\/#primaryimage\"},\"datePublished\":\"2019-03-09T22:31:59+00:00\",\"dateModified\":\"2023-08-18T15:52:46+00:00\",\"breadcrumb\":{\"@id\":\"http:\/\/www.seeforyourself.at\/index.php\/ich-bin-mich-inspiriert\/#breadcrumb\"},\"inLanguage\":\"de-DE\",\"potentialAction\":[{\"@type\":\"ReadAction\",\"target\":[\"http:\/\/www.seeforyourself.at\/index.php\/ich-bin-mich-inspiriert\/\"]}]},{\"@type\":\"BreadcrumbList\",\"@id\":\"http:\/\/www.seeforyourself.at\/index.php\/ich-bin-mich-inspiriert\/#breadcrumb\",\"itemListElement\":[{\"@type\":\"ListItem\",\"position\":1,\"item\":{\"@type\":\"WebPage\",\"@id\":\"http:\/\/www.seeforyourself.at\/\",\"url\":\"http:\/\/www.seeforyourself.at\/\",\"name\":\"Home\"}},{\"@type\":\"ListItem\",\"position\":2,\"item\":{\"@type\":\"WebPage\",\"@id\":\"http:\/\/www.seeforyourself.at\/index.php\/ich-bin-mich-inspiriert\/\",\"url\":\"http:\/\/www.seeforyourself.at\/index.php\/ich-bin-mich-inspiriert\/\",\"name\":\"Ich bin &#8211; mich inspirieren\"}}]}]}<\/script>\n<!-- \/ Yoast SEO plugin. -->","_links":{"self":[{"href":"https:\/\/www.seeforyourself.at\/index.php\/wp-json\/wp\/v2\/pages\/93"}],"collection":[{"href":"https:\/\/www.seeforyourself.at\/index.php\/wp-json\/wp\/v2\/pages"}],"about":[{"href":"https:\/\/www.seeforyourself.at\/index.php\/wp-json\/wp\/v2\/types\/page"}],"author":[{"embeddable":true,"href":"https:\/\/www.seeforyourself.at\/index.php\/wp-json\/wp\/v2\/users\/2"}],"replies":[{"embeddable":true,"href":"https:\/\/www.seeforyourself.at\/index.php\/wp-json\/wp\/v2\/comments?post=93"}],"version-history":[{"count":39,"href":"https:\/\/www.seeforyourself.at\/index.php\/wp-json\/wp\/v2\/pages\/93\/revisions"}],"predecessor-version":[{"id":726,"href":"https:\/\/www.seeforyourself.at\/index.php\/wp-json\/wp\/v2\/pages\/93\/revisions\/726"}],"wp:featuredmedia":[{"embeddable":true,"href":"https:\/\/www.seeforyourself.at\/index.php\/wp-json\/wp\/v2\/media\/627"}],"wp:attachment":[{"href":"https:\/\/www.seeforyourself.at\/index.php\/wp-json\/wp\/v2\/media?parent=93"}],"curies":[{"name":"wp","href":"https:\/\/api.w.org\/{rel}","templated":true}]}}